{"id":2,"date":"2016-05-10T03:48:21","date_gmt":"2016-05-10T03:48:21","guid":{"rendered":"http:\/\/kulturraum-mv.de\/?page_id=2"},"modified":"2026-02-24T10:43:55","modified_gmt":"2026-02-24T10:43:55","slug":"sample-page","status":"publish","type":"page","link":"https:\/\/kulturraum-mv.de\/","title":{"rendered":"Aktuelles"},"content":{"rendered":"<div>\u201eDie Unsichtbaren\u201c proben wieder. In diesem Jahr m\u00f6chte man in der Wolkower Theaterscheune mit einer M\u00e4rchenkom\u00f6die durchstarten. Die Premiere soll Mitte Juni sein.<\/div>\n\n\n<p><\/p>\n\n\n\n<figure class=\"wp-block-image size-large\"><img loading=\"lazy\" decoding=\"async\" width=\"1024\" height=\"579\" src=\"https:\/\/kulturraum-mv.de\/wp-content\/uploads\/2026\/02\/12-1024x579.png\" alt=\"\" class=\"wp-image-445\" srcset=\"https:\/\/kulturraum-mv.de\/wp-content\/uploads\/2026\/02\/12-1024x579.png 1024w, https:\/\/kulturraum-mv.de\/wp-content\/uploads\/2026\/02\/12-300x170.png 300w, https:\/\/kulturraum-mv.de\/wp-content\/uploads\/2026\/02\/12-768x434.png 768w, https:\/\/kulturraum-mv.de\/wp-content\/uploads\/2026\/02\/12.png 1027w\" sizes=\"auto, (max-width: 706px) 89vw, (max-width: 767px) 82vw, 740px\" \/><\/figure>\n\n\n\n<p><\/p>\n\n\n\n<p><a href=\"https:\/\/www.nordkurier.de\/regional\/neubrandenburg\/neues-stueck-theatergruppe-arbeitet-schon-auf-den-sommer-hin-4337720\">https:\/\/www.nordkurier.de\/regional\/neubrandenburg\/neues-stueck-theatergruppe-arbeitet-schon-auf-den-sommer-hin-4337720<\/a><\/p>\n\n\n\n<p><\/p>\n","protected":false},"excerpt":{"rendered":"<p>\u201eDie Unsichtbaren\u201c proben wieder. In diesem Jahr m\u00f6chte man in der Wolkower Theaterscheune mit einer M\u00e4rchenkom\u00f6die durchstarten. Die Premiere soll Mitte Juni sein. https:\/\/www.nordkurier.de\/regional\/neubrandenburg\/neues-stueck-theatergruppe-arbeitet-schon-auf-den-sommer-hin-4337720<\/p>\n","protected":false},"author":1,"featured_media":0,"parent":0,"menu_order":0,"comment_status":"closed","ping_status":"open","template":"","meta":{"footnotes":""},"class_list":["post-2","page","type-page","status-publish","hentry"],"guten_post_layout_featured_media_urls":{"full":false,"thumbnail":false,"medium":false,"medium_large":false,"large":false,"1536x1536":false,"2048x2048":false,"guten_post_layout_landscape_large":false,"guten_post_layout_portrait_large":false,"guten_post_layout_square_large":false,"guten_post_layout_landscape":false,"guten_post_layout_portrait":false,"guten_post_layout_square":false,"twentyseventeen-featured-image":false,"twentyseventeen-thumbnail-avatar":false},"_links":{"self":[{"href":"https:\/\/kulturraum-mv.de\/index.php?rest_route=\/wp\/v2\/pages\/2","targetHints":{"allow":["GET"]}}],"collection":[{"href":"https:\/\/kulturraum-mv.de\/index.php?rest_route=\/wp\/v2\/pages"}],"about":[{"href":"https:\/\/kulturraum-mv.de\/index.php?rest_route=\/wp\/v2\/types\/page"}],"author":[{"embeddable":true,"href":"https:\/\/kulturraum-mv.de\/index.php?rest_route=\/wp\/v2\/users\/1"}],"replies":[{"embeddable":true,"href":"https:\/\/kulturraum-mv.de\/index.php?rest_route=%2Fwp%2Fv2%2Fcomments&post=2"}],"version-history":[{"count":5,"href":"https:\/\/kulturraum-mv.de\/index.php?rest_route=\/wp\/v2\/pages\/2\/revisions"}],"predecessor-version":[{"id":452,"href":"https:\/\/kulturraum-mv.de\/index.php?rest_route=\/wp\/v2\/pages\/2\/revisions\/452"}],"wp:attachment":[{"href":"https:\/\/kulturraum-mv.de\/index.php?rest_route=%2Fwp%2Fv2%2Fmedia&parent=2"}],"curies":[{"name":"wp","href":"https:\/\/api.w.org\/{rel}","templated":true}]}}