{"id":23,"date":"2025-12-18T15:17:59","date_gmt":"2025-12-18T15:17:59","guid":{"rendered":"https:\/\/kulturraum-mv.de\/?page_id=23"},"modified":"2025-12-18T17:01:43","modified_gmt":"2025-12-18T17:01:43","slug":"veranstaltungen","status":"publish","type":"page","link":"https:\/\/kulturraum-mv.de\/?page_id=23","title":{"rendered":"Vergangenes"},"content":{"rendered":"\n<p>Wie alles begann\u2026..<br>Beschlie\u00dfen unsere Sichtbarwerdung im Jahre 2005, W\u00e4hlen den Namen \u201eDie Unsichtbaren&#8220;, Bekommen ungeahnt gro\u00dfen Zulauf aus allerlei Richtungen. Beginnen mit den Proben im Wildberger Vereinshaus, Finden eine B\u00fchne in einer denkmalgesch\u00fctzten Scheune Beschaffen professionelle Licht- und Tontechnik, Entwerfen B\u00fchnenbilder und Kost\u00fcme Basieren auf der Mitbestimmung eines jedes Einzelnen<\/p>\n\n\n\n<div class=\"wp-block-columns is-layout-flex wp-container-core-columns-is-layout-9d6595d7 wp-block-columns-is-layout-flex\">\n<div class=\"wp-block-column is-layout-flow wp-block-column-is-layout-flow\" style=\"flex-basis:100%\"><div class=\"wp-block-guten-post-layout-post-grid post-grid-view gpl-d-flex gpl-flex-wrap g_skin1   \" style=\"--item-padding-left-right : 15px; --item-minus-padding-left-right : -15px; --item-margin-bottom : 30px; --item-height: 285px; --image-height:;\"><div class=\"gpl-reverse-spinner\"><\/div><div class=\"gpl-all-posts gpl-column-12 gpl-d-flex gpl-flex-wrap\"><article class=\"post-item gpl-mb-30 gpl-column-2 g_skin1\"><div class=\"post-item-wrapper equal-height\"><div class=\"post-content-area left\"><a class=\"active-post-link\" target=\"_self\" href=https:\/\/kulturraum-mv.de\/?p=261><\/a><div class=\"post-image\"><a href=\"https:\/\/kulturraum-mv.de\/?p=261\" target=\"_self\" rel=\"bookmark\"><img decoding=\"async\" src=\"https:\/\/kulturraum-mv.de\/wp-content\/uploads\/2025\/12\/Flyer-Die-Kunst-der-Komoedie-pdf_crop2.jpg\" alt=\"Die Kunst der Kom\u00f6die (Neuauflage)\"\/><\/a><\/div><div class=\"gpl-inner-post-content\"><div class=\"post-meta\"><time datetime=\"2025-07-05T16:44:00+00:00\">Juli 5, 2025<\/time><\/div><h2 class=\"post-title\"><a href=\"https:\/\/kulturraum-mv.de\/?p=261\" target=\"_self\" rel=\"bookmark\">Die Kunst der Kom\u00f6die (Neuauflage)<\/a><\/h2><\/div><div class=\"gpl-overlay-effect\"><\/div><\/div><\/div><\/article><article class=\"post-item gpl-mb-30 gpl-column-2 g_skin1\"><div class=\"post-item-wrapper equal-height\"><div class=\"post-content-area left\"><a class=\"active-post-link\" target=\"_self\" href=https:\/\/kulturraum-mv.de\/?p=257><\/a><div class=\"post-image\"><a href=\"https:\/\/kulturraum-mv.de\/?p=257\" target=\"_self\" rel=\"bookmark\"><img decoding=\"async\" src=\"https:\/\/kulturraum-mv.de\/wp-content\/uploads\/2024\/06\/IMG-2-600x400.jpg\" alt=\"Die Kunst der Kom\u00f6die (15.6.)\"\/><\/a><\/div><div class=\"gpl-inner-post-content\"><div class=\"post-meta\"><time datetime=\"2024-06-15T16:37:00+00:00\">Juni 15, 2024<\/time><\/div><h2 class=\"post-title\"><a href=\"https:\/\/kulturraum-mv.de\/?p=257\" target=\"_self\" rel=\"bookmark\">Die Kunst der Kom\u00f6die (15.6.)<\/a><\/h2><\/div><div class=\"gpl-overlay-effect\"><\/div><\/div><\/div><\/article><article class=\"post-item gpl-mb-30 gpl-column-2 g_skin1\"><div class=\"post-item-wrapper equal-height\"><div class=\"post-content-area left\"><a class=\"active-post-link\" target=\"_self\" href=https:\/\/kulturraum-mv.de\/?p=253><\/a><div class=\"post-image\"><a href=\"https:\/\/kulturraum-mv.de\/?p=253\" target=\"_self\" rel=\"bookmark\"><img decoding=\"async\" src=\"https:\/\/kulturraum-mv.de\/wp-content\/uploads\/2022\/07\/Wischershausen_120623Triumpf-der-Medizin_6819-600x400.jpg\" alt=\"Triumph der Medizin (Neuauflage) (11.6.)\"\/><\/a><\/div><div class=\"gpl-inner-post-content\"><div class=\"post-meta\"><time datetime=\"2023-06-11T16:32:00+00:00\">Juni 11, 2023<\/time><\/div><h2 class=\"post-title\"><a href=\"https:\/\/kulturraum-mv.de\/?p=253\" target=\"_self\" rel=\"bookmark\">Triumph der Medizin (Neuauflage) (11.6.)<\/a><\/h2><\/div><div class=\"gpl-overlay-effect\"><\/div><\/div><\/div><\/article><article class=\"post-item gpl-mb-30 gpl-column-2 g_skin1\"><div class=\"post-item-wrapper equal-height\"><div class=\"post-content-area left\"><a class=\"active-post-link\" target=\"_self\" href=https:\/\/kulturraum-mv.de\/?p=248><\/a><div class=\"post-image\"><a href=\"https:\/\/kulturraum-mv.de\/?p=248\" target=\"_self\" rel=\"bookmark\"><img decoding=\"async\" src=\"https:\/\/kulturraum-mv.de\/wp-content\/uploads\/2025\/12\/Wolkow-101-1024x683-1-600x400.jpg\" alt=\"Triumph der Medizin (2022)\"\/><\/a><\/div><div class=\"gpl-inner-post-content\"><div class=\"post-meta\"><time datetime=\"2022-07-02T16:27:00+00:00\">Juli 2, 2022<\/time><\/div><h2 class=\"post-title\"><a href=\"https:\/\/kulturraum-mv.de\/?p=248\" target=\"_self\" rel=\"bookmark\">Triumph der Medizin (2022)<\/a><\/h2><\/div><div class=\"gpl-overlay-effect\"><\/div><\/div><\/div><\/article><article class=\"post-item gpl-mb-30 gpl-column-2 g_skin1\"><div class=\"post-item-wrapper equal-height\"><div class=\"post-content-area left\"><a class=\"active-post-link\" target=\"_self\" href=https:\/\/kulturraum-mv.de\/?p=228><\/a><div class=\"post-image\"><a href=\"https:\/\/kulturraum-mv.de\/?p=228\" target=\"_self\" rel=\"bookmark\"><img decoding=\"async\" src=\"https:\/\/kulturraum-mv.de\/wp-content\/uploads\/2025\/12\/hexe_Theater_2019_014-scaled-1-600x400.jpg\" alt=\"Die Hexe von Penzlin\"\/><\/a><\/div><div class=\"gpl-inner-post-content\"><div class=\"post-meta\"><time datetime=\"2019-06-22T16:26:00+00:00\">Juni 22, 2019<\/time><\/div><h2 class=\"post-title\"><a href=\"https:\/\/kulturraum-mv.de\/?p=228\" target=\"_self\" rel=\"bookmark\">Die Hexe von Penzlin<\/a><\/h2><\/div><div class=\"gpl-overlay-effect\"><\/div><\/div><\/div><\/article><article class=\"post-item gpl-mb-30 gpl-column-2 g_skin1\"><div class=\"post-item-wrapper equal-height\"><div class=\"post-content-area left\"><a class=\"active-post-link\" target=\"_self\" href=https:\/\/kulturraum-mv.de\/?p=187><\/a><div class=\"post-image\"><a href=\"https:\/\/kulturraum-mv.de\/?p=187\" target=\"_self\" rel=\"bookmark\"><img decoding=\"async\" src=\"https:\/\/kulturraum-mv.de\/wp-content\/uploads\/2025\/12\/DSC_1364-1024x678-Kopie-600x400.jpg\" alt=\"Die Rockefellers\"\/><\/a><\/div><div class=\"gpl-inner-post-content\"><div class=\"post-meta\"><time datetime=\"2016-09-24T16:24:00+00:00\">September 24, 2016<\/time><\/div><h2 class=\"post-title\"><a href=\"https:\/\/kulturraum-mv.de\/?p=187\" target=\"_self\" rel=\"bookmark\">Die Rockefellers<\/a><\/h2><\/div><div class=\"gpl-overlay-effect\"><\/div><\/div><\/div><\/article><article class=\"post-item gpl-mb-30 gpl-column-2 g_skin1\"><div class=\"post-item-wrapper equal-height\"><div class=\"post-content-area left\"><a class=\"active-post-link\" target=\"_self\" href=https:\/\/kulturraum-mv.de\/?p=167><\/a><div class=\"post-image\"><a href=\"https:\/\/kulturraum-mv.de\/?p=167\" target=\"_self\" rel=\"bookmark\"><img decoding=\"async\" src=\"https:\/\/kulturraum-mv.de\/wp-content\/uploads\/2025\/12\/MG_8281-2-1024x683-1-600x400.jpg\" alt=\"&#8222;Der Drache&#8220;\"\/><\/a><\/div><div class=\"gpl-inner-post-content\"><div class=\"post-meta\"><time datetime=\"2014-08-16T16:20:00+00:00\">August 16, 2014<\/time><\/div><h2 class=\"post-title\"><a href=\"https:\/\/kulturraum-mv.de\/?p=167\" target=\"_self\" rel=\"bookmark\">&#8222;Der Drache&#8220;<\/a><\/h2><\/div><div class=\"gpl-overlay-effect\"><\/div><\/div><\/div><\/article><article class=\"post-item gpl-mb-30 gpl-column-2 g_skin1\"><div class=\"post-item-wrapper equal-height\"><div class=\"post-content-area left\"><a class=\"active-post-link\" target=\"_self\" href=https:\/\/kulturraum-mv.de\/?p=139><\/a><div class=\"post-image\"><a href=\"https:\/\/kulturraum-mv.de\/?p=139\" target=\"_self\" rel=\"bookmark\"><img decoding=\"async\" src=\"https:\/\/kulturraum-mv.de\/wp-content\/uploads\/2025\/12\/DSC_0462-1024x678-1-600x400.jpg\" alt=\"Die Illuzinationen des Ernie Fraser\"\/><\/a><\/div><div class=\"gpl-inner-post-content\"><div class=\"post-meta\"><time datetime=\"2013-07-27T16:15:00+00:00\">Juli 27, 2013<\/time><\/div><h2 class=\"post-title\"><a href=\"https:\/\/kulturraum-mv.de\/?p=139\" target=\"_self\" rel=\"bookmark\">Die Illuzinationen des Ernie Fraser<\/a><\/h2><\/div><div class=\"gpl-overlay-effect\"><\/div><\/div><\/div><\/article><article class=\"post-item gpl-mb-30 gpl-column-2 g_skin1\"><div class=\"post-item-wrapper equal-height\"><div class=\"post-content-area left\"><a class=\"active-post-link\" target=\"_self\" href=https:\/\/kulturraum-mv.de\/?p=164><\/a><div class=\"gpl-inner-post-content\"><div class=\"post-meta\"><time datetime=\"2012-06-30T16:16:00+00:00\">Juni 30, 2012<\/time><\/div><h2 class=\"post-title\"><a href=\"https:\/\/kulturraum-mv.de\/?p=164\" target=\"_self\" rel=\"bookmark\">Die Fu\u00dfmatte<\/a><\/h2><\/div><div class=\"gpl-overlay-effect\"><\/div><\/div><\/div><\/article><article class=\"post-item gpl-mb-30 gpl-column-2 g_skin1\"><div class=\"post-item-wrapper equal-height\"><div class=\"post-content-area left\"><a class=\"active-post-link\" target=\"_self\" href=https:\/\/kulturraum-mv.de\/?p=123><\/a><div class=\"post-image\"><a href=\"https:\/\/kulturraum-mv.de\/?p=123\" target=\"_self\" rel=\"bookmark\"><img decoding=\"async\" src=\"https:\/\/kulturraum-mv.de\/wp-content\/uploads\/2025\/12\/TheaterUnsichtbaren20-600x400.jpg\" alt=\"Leichen verschickt man, Frauen ziehen sich aus\"\/><\/a><\/div><div class=\"gpl-inner-post-content\"><div class=\"post-meta\"><time datetime=\"2011-06-25T16:12:00+00:00\">Juni 25, 2011<\/time><\/div><h2 class=\"post-title\"><a href=\"https:\/\/kulturraum-mv.de\/?p=123\" target=\"_self\" rel=\"bookmark\">Leichen verschickt man, Frauen ziehen sich aus<\/a><\/h2><\/div><div class=\"gpl-overlay-effect\"><\/div><\/div><\/div><\/article><article class=\"post-item gpl-mb-30 gpl-column-2 g_skin1\"><div class=\"post-item-wrapper equal-height\"><div class=\"post-content-area left\"><a class=\"active-post-link\" target=\"_self\" href=https:\/\/kulturraum-mv.de\/?p=88><\/a><div class=\"post-image\"><a href=\"https:\/\/kulturraum-mv.de\/?p=88\" target=\"_self\" rel=\"bookmark\"><img decoding=\"async\" src=\"https:\/\/kulturraum-mv.de\/wp-content\/uploads\/2025\/12\/theater-03-juni-2010-449-1024x683-1-600x400.jpg\" alt=\"Die Kommode &amp; Familienbande\"\/><\/a><\/div><div class=\"gpl-inner-post-content\"><div class=\"post-meta\"><time datetime=\"2010-06-10T16:05:00+00:00\">Juni 10, 2010<\/time><\/div><h2 class=\"post-title\"><a href=\"https:\/\/kulturraum-mv.de\/?p=88\" target=\"_self\" rel=\"bookmark\">Die Kommode &amp; Familienbande<\/a><\/h2><\/div><div class=\"gpl-overlay-effect\"><\/div><\/div><\/div><\/article><article class=\"post-item gpl-mb-30 gpl-column-2 g_skin1\"><div class=\"post-item-wrapper equal-height\"><div class=\"post-content-area left\"><a class=\"active-post-link\" target=\"_self\" href=https:\/\/kulturraum-mv.de\/?p=49><\/a><div class=\"post-image\"><a href=\"https:\/\/kulturraum-mv.de\/?p=49\" target=\"_self\" rel=\"bookmark\"><img decoding=\"async\" src=\"https:\/\/kulturraum-mv.de\/wp-content\/uploads\/2009\/09\/PICT0879-1024x681-1-600x400.jpg\" alt=\"Heiratsantrag und andere Katastrophen\"\/><\/a><\/div><div class=\"gpl-inner-post-content\"><div class=\"post-meta\"><time datetime=\"2009-09-08T15:31:00+00:00\">September 8, 2009<\/time><\/div><h2 class=\"post-title\"><a href=\"https:\/\/kulturraum-mv.de\/?p=49\" target=\"_self\" rel=\"bookmark\">Heiratsantrag und andere Katastrophen<\/a><\/h2><\/div><div class=\"gpl-overlay-effect\"><\/div><\/div><\/div><\/article><article class=\"post-item gpl-mb-30 gpl-column-2 g_skin1\"><div class=\"post-item-wrapper equal-height\"><div class=\"post-content-area left\"><a class=\"active-post-link\" target=\"_self\" href=https:\/\/kulturraum-mv.de\/?p=45><\/a><div class=\"post-image\"><a href=\"https:\/\/kulturraum-mv.de\/?p=45\" target=\"_self\" rel=\"bookmark\"><img decoding=\"async\" src=\"https:\/\/kulturraum-mv.de\/wp-content\/uploads\/2025\/12\/plakat_13-09-600x400.jpg\" alt=\"M\u00f6rder unter sich\"\/><\/a><\/div><div class=\"gpl-inner-post-content\"><div class=\"post-meta\"><time datetime=\"2008-09-13T15:25:00+00:00\">September 13, 2008<\/time><\/div><h2 class=\"post-title\"><a href=\"https:\/\/kulturraum-mv.de\/?p=45\" target=\"_self\" rel=\"bookmark\">M\u00f6rder unter sich<\/a><\/h2><\/div><div class=\"gpl-overlay-effect\"><\/div><\/div><\/div><\/article><article class=\"post-item gpl-mb-30 gpl-column-2 g_skin1\"><div class=\"post-item-wrapper equal-height\"><div class=\"post-content-area left\"><a class=\"active-post-link\" target=\"_self\" href=https:\/\/kulturraum-mv.de\/?p=27><\/a><div class=\"post-image\"><a href=\"https:\/\/kulturraum-mv.de\/?p=27\" target=\"_self\" rel=\"bookmark\"><img decoding=\"async\" src=\"https:\/\/kulturraum-mv.de\/wp-content\/uploads\/2025\/12\/SchmecktsGruppe04-1024x683-2.jpg\" alt=\"Schmeckt\u2019s?\"\/><\/a><\/div><div class=\"gpl-inner-post-content\"><div class=\"post-meta\"><time datetime=\"2007-05-12T15:04:00+00:00\">Mai 12, 2007<\/time><\/div><h2 class=\"post-title\"><a href=\"https:\/\/kulturraum-mv.de\/?p=27\" target=\"_self\" rel=\"bookmark\">Schmeckt\u2019s?<\/a><\/h2><\/div><div class=\"gpl-overlay-effect\"><\/div><\/div><\/div><\/article><article class=\"post-item gpl-mb-30 gpl-column-2 g_skin1\"><div class=\"post-item-wrapper equal-height\"><div class=\"post-content-area left\"><a class=\"active-post-link\" target=\"_self\" href=https:\/\/kulturraum-mv.de\/?p=25><\/a><div class=\"post-image\"><a href=\"https:\/\/kulturraum-mv.de\/?p=25\" target=\"_self\" rel=\"bookmark\"><img decoding=\"async\" src=\"https:\/\/kulturraum-mv.de\/wp-content\/uploads\/2025\/12\/Theaterscheune-Wolkow-scaled-1-600x400.jpg\" alt=\"Wolken \u00fcber Wolkow\"\/><\/a><\/div><div class=\"gpl-inner-post-content\"><div class=\"post-meta\"><time datetime=\"2006-04-19T14:56:00+00:00\">April 19, 2006<\/time><\/div><h2 class=\"post-title\"><a href=\"https:\/\/kulturraum-mv.de\/?p=25\" target=\"_self\" rel=\"bookmark\">Wolken \u00fcber Wolkow<\/a><\/h2><\/div><div class=\"gpl-overlay-effect\"><\/div><\/div><\/div><\/article><\/div><\/div><\/div>\n<\/div>\n","protected":false},"excerpt":{"rendered":"<p>Wie alles begann\u2026..Beschlie\u00dfen unsere Sichtbarwerdung im Jahre 2005, W\u00e4hlen den Namen \u201eDie Unsichtbaren&#8220;, Bekommen ungeahnt gro\u00dfen Zulauf aus allerlei Richtungen. Beginnen mit den Proben im Wildberger Vereinshaus, Finden eine B\u00fchne in einer denkmalgesch\u00fctzten Scheune Beschaffen professionelle Licht- und Tontechnik, Entwerfen B\u00fchnenbilder und Kost\u00fcme Basieren auf der Mitbestimmung eines jedes Einzelnen<\/p>\n","protected":false},"author":1,"featured_media":0,"parent":0,"menu_order":0,"comment_status":"closed","ping_status":"closed","template":"","meta":{"footnotes":""},"class_list":["post-23","page","type-page","status-publish","hentry"],"guten_post_layout_featured_media_urls":{"full":false,"thumbnail":false,"medium":false,"medium_large":false,"large":false,"1536x1536":false,"2048x2048":false,"guten_post_layout_landscape_large":false,"guten_post_layout_portrait_large":false,"guten_post_layout_square_large":false,"guten_post_layout_landscape":false,"guten_post_layout_portrait":false,"guten_post_layout_square":false,"twentyseventeen-featured-image":false,"twentyseventeen-thumbnail-avatar":false},"_links":{"self":[{"href":"https:\/\/kulturraum-mv.de\/index.php?rest_route=\/wp\/v2\/pages\/23","targetHints":{"allow":["GET"]}}],"collection":[{"href":"https:\/\/kulturraum-mv.de\/index.php?rest_route=\/wp\/v2\/pages"}],"about":[{"href":"https:\/\/kulturraum-mv.de\/index.php?rest_route=\/wp\/v2\/types\/page"}],"author":[{"embeddable":true,"href":"https:\/\/kulturraum-mv.de\/index.php?rest_route=\/wp\/v2\/users\/1"}],"replies":[{"embeddable":true,"href":"https:\/\/kulturraum-mv.de\/index.php?rest_route=%2Fwp%2Fv2%2Fcomments&post=23"}],"version-history":[{"count":6,"href":"https:\/\/kulturraum-mv.de\/index.php?rest_route=\/wp\/v2\/pages\/23\/revisions"}],"predecessor-version":[{"id":275,"href":"https:\/\/kulturraum-mv.de\/index.php?rest_route=\/wp\/v2\/pages\/23\/revisions\/275"}],"wp:attachment":[{"href":"https:\/\/kulturraum-mv.de\/index.php?rest_route=%2Fwp%2Fv2%2Fmedia&parent=23"}],"curies":[{"name":"wp","href":"https:\/\/api.w.org\/{rel}","templated":true}]}}